{"id":68,"date":"2024-04-08T08:11:03","date_gmt":"2024-04-08T06:11:03","guid":{"rendered":"https:\/\/www.eidechsenlord.de\/dlp\/?page_id=68"},"modified":"2024-05-02T19:05:30","modified_gmt":"2024-05-02T17:05:30","slug":"die-ewigkeitsklausel","status":"publish","type":"page","link":"https:\/\/www.eidechsenlord.de\/dlp\/index.php\/die-ewigkeitsklausel\/","title":{"rendered":"Die Ewigkeitsklausel"},"content":{"rendered":"\n<blockquote class=\"wp-block-quote\">\n<p>(3) Eine \u00c4nderung dieses Grundgesetzes, durch welche die Gliederung des Bundes in L\u00e4nder, die grunds\u00e4tzliche Mitwirkung der L\u00e4nder bei der Gesetzgebung oder die in den Artikeln 1 und 20 niedergelegten Grunds\u00e4tze ber\u00fchrt werden, ist unzul\u00e4ssig.<\/p>\n<cite>Artikel 79 Absatz 3 GG<\/cite><\/blockquote>\n\n\n\n<p>Die Ewigkeitsklausel verbietet (u.a.) die Beeintr\u00e4chtigung der in Artikel 20 festgelegten Grunds\u00e4tze. Das k\u00f6nnte problematisch sein, denn dort finden wir:<\/p>\n\n\n\n<blockquote class=\"wp-block-quote\">\n<p>(2) Alle Staatsgewalt geht vom Volke aus. Sie wird vom Volke in Wahlen und Abstimmungen und durch besondere Organe der Gesetzgebung, der vollziehenden Gewalt und der Rechtsprechung ausge\u00fcbt.<\/p>\n<cite>Artikel 20 Absatz 2 GG<\/cite><\/blockquote>\n\n\n\n<p>Ich bin der Auffassung, dass man hier zwei Argumente vorbringen kann, die die Einf\u00fchrung des <a href=\"https:\/\/www.eidechsenlord.de\/dlp\/index.php\/die-loesung\/\" data-type=\"page\" data-id=\"35\">vorgeschlagenen Modells<\/a> unterst\u00fctzen.<\/p>\n\n\n\n<ol>\n<li>Das Modell kann durchaus als <em>besonderes Organ der Gesetzgebung<\/em> angesehen werden.<\/li>\n\n\n\n<li>Tats\u00e4chlich stimmt das Volk (bzw. Repr\u00e4sentanten des Volkes) in der <em>Jury Policy Jury) <\/em>\u00fcber die Gesetze ab. An der Erarbeitung von Gesetzen kann sich jeder B\u00fcrger in den <em>Interessen-AGs (Interest Panels)<\/em> beteiligen.<\/li>\n<\/ol>\n\n\n\n<p>Freilich lassen sich hier auch Argumentationen finden, die die Einf\u00fchrung von gelosten gesetzgebenden Institutionen erschweren oder verhindern. Hier sind wir auf die Mithilfe von Experten angewiesen. Jedoch:<\/p>\n\n\n\n<p>Wenn unsere Verfassung das Volk auf Wahlen beschr\u00e4nkt, dann sollte es doch auch die Wahl haben d\u00fcrfen, sich nicht weiter darauf beschr\u00e4nken zu lassen. Wir fordern nicht die Erm\u00f6glichung von Autokratien sondern die (Wieder-) Herstellung wahrlicher Demokratie.<\/p>\n\n\n\n<p>  <\/p>\n","protected":false},"excerpt":{"rendered":"<p>(3) Eine \u00c4nderung dieses Grundgesetzes, durch welche die Gliederung des Bundes in L\u00e4nder, die grunds\u00e4tzliche Mitwirkung der L\u00e4nder bei der Gesetzgebung oder die in den Artikeln 1 und 20 niedergelegten Grunds\u00e4tze ber\u00fchrt werden, ist unzul\u00e4ssig. Artikel 79 Absatz 3 GG Die Ewigkeitsklausel verbietet (u.a.) die Beeintr\u00e4chtigung der in Artikel 20 festgelegten Grunds\u00e4tze. Das k\u00f6nnte problematisch [&hellip;]<\/p>\n","protected":false},"author":1,"featured_media":0,"parent":0,"menu_order":5,"comment_status":"closed","ping_status":"closed","template":"","meta":{"footnotes":""},"_links":{"self":[{"href":"https:\/\/www.eidechsenlord.de\/dlp\/index.php\/wp-json\/wp\/v2\/pages\/68"}],"collection":[{"href":"https:\/\/www.eidechsenlord.de\/dlp\/index.php\/wp-json\/wp\/v2\/pages"}],"about":[{"href":"https:\/\/www.eidechsenlord.de\/dlp\/index.php\/wp-json\/wp\/v2\/types\/page"}],"author":[{"embeddable":true,"href":"https:\/\/www.eidechsenlord.de\/dlp\/index.php\/wp-json\/wp\/v2\/users\/1"}],"replies":[{"embeddable":true,"href":"https:\/\/www.eidechsenlord.de\/dlp\/index.php\/wp-json\/wp\/v2\/comments?post=68"}],"version-history":[{"count":5,"href":"https:\/\/www.eidechsenlord.de\/dlp\/index.php\/wp-json\/wp\/v2\/pages\/68\/revisions"}],"predecessor-version":[{"id":95,"href":"https:\/\/www.eidechsenlord.de\/dlp\/index.php\/wp-json\/wp\/v2\/pages\/68\/revisions\/95"}],"wp:attachment":[{"href":"https:\/\/www.eidechsenlord.de\/dlp\/index.php\/wp-json\/wp\/v2\/media?parent=68"}],"curies":[{"name":"wp","href":"https:\/\/api.w.org\/{rel}","templated":true}]}}