{"id":65,"date":"2024-04-08T08:11:52","date_gmt":"2024-04-08T06:11:52","guid":{"rendered":"https:\/\/www.eidechsenlord.de\/dlp\/?page_id=65"},"modified":"2024-05-02T19:02:34","modified_gmt":"2024-05-02T17:02:34","slug":"verfassungswidrigkeit","status":"publish","type":"page","link":"https:\/\/www.eidechsenlord.de\/dlp\/index.php\/verfassungswidrigkeit\/","title":{"rendered":"Verfassungswidrigkeit"},"content":{"rendered":"\n<p>Die Letzte Partei kann aufgrund ihres Vorhabens durchaus als verfassungswidrig angesehen werden, jedoch nicht in einem negativen Sinne. Ich sehe ansonsten keine konstruktiven Wege, eine Verfassungs\u00e4nderung herbeizuf\u00fchren. Der zu erwartende Gegenwind d\u00fcrfte seine Wurzeln vorrangig im Streben nach Machterhalt haben.<br>Es gibt aber Argumente, die man dem Vorwurf der Verfassungswidrigkeit entgegensetzen kann. Doch schauen wir uns zun\u00e4chst ein paar Paragraphen an.<\/p>\n\n\n\n<blockquote class=\"wp-block-quote\">\n<p><em>(2) Parteien, die nach ihren Zielen oder nach dem Verhalten ihrer Anh\u00e4nger darauf ausgehen, die freiheitliche demokratische Grundordnung zu beeintr\u00e4chtigen oder zu beseitigen oder den Bestand der Bundesrepublik Deutschland zu gef\u00e4hrden, sind verfassungswidrig.<\/em><\/p>\n<cite>Artikel 21 Abs. 2 GG<\/cite><\/blockquote>\n\n\n\n<p>Die <em>freiheitliche demokratische Grundordnung<\/em> wird im Grundgesetz nicht definiert. Im Bundesverfassungsschutzgesetz findet sich zumindest eine (vermeintlich unvollst\u00e4ndige) Aufz\u00e4hlung, die das Recht auf <strong>Wahl<\/strong> der Volksvertretung enth\u00e4lt:<\/p>\n\n\n\n<blockquote class=\"wp-block-quote\">\n<p>(2) Zur freiheitlichen demokratischen Grundordnung im Sinne dieses Gesetzes z\u00e4hlen: <br>a) das Recht des Volkes, die Staatsgewalt in Wahlen und Abstimmungen und durch besondere Organe der Gesetzgebung, der vollziehenden Gewalt und der Rechtsprechung auszu\u00fcben und die Volksvertretung in allgemeiner, unmittelbarer, freier, gleicher und geheimer Wahl zu w\u00e4hlen<\/p>\n<cite>\u00a7 4 Abs. 2 a) BVerfSchG<\/cite><\/blockquote>\n\n\n\n<p>Zudem legt das Grundgesetz die Wahl als einzige M\u00f6glichkeit fest, den Bundestag zu bestimmen. <\/p>\n\n\n\n<blockquote class=\"wp-block-quote\">\n<p><em>Die Abgeordneten des Deutschen Bundestages werden in allgemeiner, unmittelbarer, freier, gleicher und geheimer Wahl gew\u00e4hlt. Sie sind Vertreter des ganzen Volkes, an Auftr\u00e4ge und Weisungen nicht gebunden und nur ihrem Gewissen unterworfen.<\/em><\/p>\n<cite>Artikel 38 Abs. 1 GG<\/cite><\/blockquote>\n\n\n\n<p>Es muss nun folgende Frage beantwortet werden: stellt die Aufl\u00f6sung der Verkn\u00fcpfung von Wahlen und Demokratie und der alleinigen Festlegung auf Wahlen zur Aus\u00fcbung der Staatsgewalt durch das Volk einen Versuch dar, die freiheitliche demokratische Grundordnung anzugreifen oder zu beseitigen?<\/p>\n\n\n\n<p>Wer Wahlen f\u00fcr undemokratisch h\u00e4lt, beantwortet die Frage mit <strong>nein<\/strong> oder sagt: &#8220;Jawohl, das ist verfassungswidrig. Jedoch nicht nicht in einem negativen Sinne. Wir wollen die Beschr\u00e4nkung der Demokratie auf Wahlen aufheben und ihr damit ein effizienteres und gerechteres Werkzeug an die Hand geben.&#8221;<\/p>\n","protected":false},"excerpt":{"rendered":"<p>Die Letzte Partei kann aufgrund ihres Vorhabens durchaus als verfassungswidrig angesehen werden, jedoch nicht in einem negativen Sinne. Ich sehe ansonsten keine konstruktiven Wege, eine Verfassungs\u00e4nderung herbeizuf\u00fchren. Der zu erwartende Gegenwind d\u00fcrfte seine Wurzeln vorrangig im Streben nach Machterhalt haben.Es gibt aber Argumente, die man dem Vorwurf der Verfassungswidrigkeit entgegensetzen kann. Doch schauen wir uns [&hellip;]<\/p>\n","protected":false},"author":1,"featured_media":0,"parent":0,"menu_order":4,"comment_status":"closed","ping_status":"closed","template":"","meta":{"footnotes":""},"_links":{"self":[{"href":"https:\/\/www.eidechsenlord.de\/dlp\/index.php\/wp-json\/wp\/v2\/pages\/65"}],"collection":[{"href":"https:\/\/www.eidechsenlord.de\/dlp\/index.php\/wp-json\/wp\/v2\/pages"}],"about":[{"href":"https:\/\/www.eidechsenlord.de\/dlp\/index.php\/wp-json\/wp\/v2\/types\/page"}],"author":[{"embeddable":true,"href":"https:\/\/www.eidechsenlord.de\/dlp\/index.php\/wp-json\/wp\/v2\/users\/1"}],"replies":[{"embeddable":true,"href":"https:\/\/www.eidechsenlord.de\/dlp\/index.php\/wp-json\/wp\/v2\/comments?post=65"}],"version-history":[{"count":5,"href":"https:\/\/www.eidechsenlord.de\/dlp\/index.php\/wp-json\/wp\/v2\/pages\/65\/revisions"}],"predecessor-version":[{"id":93,"href":"https:\/\/www.eidechsenlord.de\/dlp\/index.php\/wp-json\/wp\/v2\/pages\/65\/revisions\/93"}],"wp:attachment":[{"href":"https:\/\/www.eidechsenlord.de\/dlp\/index.php\/wp-json\/wp\/v2\/media?parent=65"}],"curies":[{"name":"wp","href":"https:\/\/api.w.org\/{rel}","templated":true}]}}