{"id":57,"date":"2024-04-01T16:11:11","date_gmt":"2024-04-01T14:11:11","guid":{"rendered":"https:\/\/www.eidechsenlord.de\/dlp\/?page_id=57"},"modified":"2024-06-02T10:58:05","modified_gmt":"2024-06-02T08:58:05","slug":"die-partei","status":"publish","type":"page","link":"https:\/\/www.eidechsenlord.de\/dlp\/index.php\/die-partei\/","title":{"rendered":"Die Partei"},"content":{"rendered":"\n<p>Einige grunds\u00e4tzliche Ideen\/Gedanken zur Partei &#8220;Die Letzte Partei&#8221;.<\/p>\n\n\n\n<h2 class=\"wp-block-heading has-large-font-size\">Sie tritt nur bei Bundestags- und Landtagswahlen an<\/h2>\n\n\n\n<p>Die wir eine Verfassungs\u00e4nderung anstreben, brauchen wir keine Vertretungen auf kommunaler Ebene.<\/p>\n\n\n\n<h2 class=\"wp-block-heading has-large-font-size\">Keine Koalitionen<\/h2>\n\n\n\n<p class=\"has-medium-font-size\">Koalitionen sind ein Problem des Systems. Wir koalieren nicht.<\/p>\n\n\n\n<h2 class=\"wp-block-heading has-large-font-size\">Keine Direktkandidaten<\/h2>\n\n\n\n<p class=\"has-medium-font-size\">Direktkandidaten sind eines der Probleme des Systems. Daher stellt die Partei keine auf.<\/p>\n\n\n\n<h2 class=\"wp-block-heading has-large-font-size\">Die Landeslisten werden gelost<\/h2>\n\n\n\n<p>Die Landeslisten, aus denen sich die via Zweitstimme errungenen Mandate speisen, werden unter den Willigen ausgelost.<\/p>\n\n\n\n<h2 class=\"wp-block-heading has-large-font-size\">Die Organe der Partei werden gelost<\/h2>\n\n\n\n<p>Wir \u00fcben gleich von Anfang an und losen alle \u00c4mter (Parteivorstand, etc.) unter den Freiwilligen aus. Das entsprechende Vorgehen muss die Satzung\/Wahlordnung regeln.<\/p>\n\n\n\n<h2 class=\"wp-block-heading has-large-font-size\">Toleranz<\/h2>\n\n\n\n<p>Wir akzeptieren keine diskriminierenden, rassistischen, antisemitischen und rechtspopulistischen Tendenzen innerhalb der Partei und schaffen die M\u00f6glichkeit, entsprechende Personen aus der Partei zu werfen.<\/p>\n\n\n\n<h2 class=\"wp-block-heading has-large-font-size\">Unterst\u00fctzung von Zwischenl\u00f6sungen<\/h2>\n\n\n\n<p>Vielleicht m\u00fcssen wir den Weg gar nicht bis zum Ende gehen. Wenn wir gen\u00fcgend Stimmen bekommen, sind die Etablierten unter Umst\u00e4nden bereit, unsere Ideen (in Teilen) umzusetzen. Freilich unterst\u00fctzen wir sie dabei.<\/p>\n\n\n\n<h2 class=\"wp-block-heading has-large-font-size\">Freiheit der Abgeordneten<\/h2>\n\n\n\n<p>Jeder geloste Abgeordnete ist lediglich seinem Gewissen verpflichtet!<\/p>\n","protected":false},"excerpt":{"rendered":"<p>Einige grunds\u00e4tzliche Ideen\/Gedanken zur Partei &#8220;Die Letzte Partei&#8221;. Sie tritt nur bei Bundestags- und Landtagswahlen an Die wir eine Verfassungs\u00e4nderung anstreben, brauchen wir keine Vertretungen auf kommunaler Ebene. Keine Koalitionen Koalitionen sind ein Problem des Systems. Wir koalieren nicht. Keine Direktkandidaten Direktkandidaten sind eines der Probleme des Systems. Daher stellt die Partei keine auf. Die [&hellip;]<\/p>\n","protected":false},"author":1,"featured_media":0,"parent":0,"menu_order":3,"comment_status":"closed","ping_status":"closed","template":"","meta":{"footnotes":""},"_links":{"self":[{"href":"https:\/\/www.eidechsenlord.de\/dlp\/index.php\/wp-json\/wp\/v2\/pages\/57"}],"collection":[{"href":"https:\/\/www.eidechsenlord.de\/dlp\/index.php\/wp-json\/wp\/v2\/pages"}],"about":[{"href":"https:\/\/www.eidechsenlord.de\/dlp\/index.php\/wp-json\/wp\/v2\/types\/page"}],"author":[{"embeddable":true,"href":"https:\/\/www.eidechsenlord.de\/dlp\/index.php\/wp-json\/wp\/v2\/users\/1"}],"replies":[{"embeddable":true,"href":"https:\/\/www.eidechsenlord.de\/dlp\/index.php\/wp-json\/wp\/v2\/comments?post=57"}],"version-history":[{"count":4,"href":"https:\/\/www.eidechsenlord.de\/dlp\/index.php\/wp-json\/wp\/v2\/pages\/57\/revisions"}],"predecessor-version":[{"id":99,"href":"https:\/\/www.eidechsenlord.de\/dlp\/index.php\/wp-json\/wp\/v2\/pages\/57\/revisions\/99"}],"wp:attachment":[{"href":"https:\/\/www.eidechsenlord.de\/dlp\/index.php\/wp-json\/wp\/v2\/media?parent=57"}],"curies":[{"name":"wp","href":"https:\/\/api.w.org\/{rel}","templated":true}]}}