{"id":55,"date":"2024-04-01T15:55:52","date_gmt":"2024-04-01T13:55:52","guid":{"rendered":"https:\/\/www.eidechsenlord.de\/dlp\/?page_id=55"},"modified":"2024-05-02T19:07:18","modified_gmt":"2024-05-02T17:07:18","slug":"was-wird-gebraucht","status":"publish","type":"page","link":"https:\/\/www.eidechsenlord.de\/dlp\/index.php\/was-wird-gebraucht\/","title":{"rendered":"Was wird gebraucht?"},"content":{"rendered":"\n<ul>\n<li>Mitstreiter<br>Ohne Leute geht es freilich nicht. Es braucht Menschen, die mitdenken, mitdiskutieren, Aufgaben\/-bereiche \u00fcbernehmen.<\/li>\n\n\n\n<li>Redner<br>Menschen, die in der \u00d6ffentlichkeit auftreten wollen und k\u00f6nnen.<\/li>\n\n\n\n<li>Verein\/Struktur<br>Zun\u00e4chst ist es sicher sinnvoll, eine Struktur zu schaffen, die \u00f6ffentlich benannt werden kann, die Geld rechtssicher verwalten kann und darf. Gerade f\u00fcr den Social-Media-Content wird sicher eine Menge Geld gebraucht.<\/li>\n\n\n\n<li>(angehende) Verfassungsrechtler<br>Bestimmt ist die Idee an sich schon verfassungswidrig. Wie kann argumentiert werden? Wie soll man geschickt vorgehen?<\/li>\n\n\n\n<li>Social-Media-Kompetenzen<br>Wie erreichen wie vor allem die Jugend (die zuk\u00fcnftigen (Nicht-)w\u00e4hler)? Wer kann pr\u00e4gnante Clips\/Shorts\/TikToks erstellen, die in m\u00f6glichst kurzer Zeit Teile der Message r\u00fcberbringen?<\/li>\n\n\n\n<li>Geld<br>Klar, Geld braucht es f\u00fcr alles.<\/li>\n\n\n\n<li>Werbung<\/li>\n<\/ul>\n","protected":false},"excerpt":{"rendered":"","protected":false},"author":1,"featured_media":0,"parent":0,"menu_order":6,"comment_status":"closed","ping_status":"closed","template":"","meta":{"footnotes":""},"_links":{"self":[{"href":"https:\/\/www.eidechsenlord.de\/dlp\/index.php\/wp-json\/wp\/v2\/pages\/55"}],"collection":[{"href":"https:\/\/www.eidechsenlord.de\/dlp\/index.php\/wp-json\/wp\/v2\/pages"}],"about":[{"href":"https:\/\/www.eidechsenlord.de\/dlp\/index.php\/wp-json\/wp\/v2\/types\/page"}],"author":[{"embeddable":true,"href":"https:\/\/www.eidechsenlord.de\/dlp\/index.php\/wp-json\/wp\/v2\/users\/1"}],"replies":[{"embeddable":true,"href":"https:\/\/www.eidechsenlord.de\/dlp\/index.php\/wp-json\/wp\/v2\/comments?post=55"}],"version-history":[{"count":4,"href":"https:\/\/www.eidechsenlord.de\/dlp\/index.php\/wp-json\/wp\/v2\/pages\/55\/revisions"}],"predecessor-version":[{"id":97,"href":"https:\/\/www.eidechsenlord.de\/dlp\/index.php\/wp-json\/wp\/v2\/pages\/55\/revisions\/97"}],"wp:attachment":[{"href":"https:\/\/www.eidechsenlord.de\/dlp\/index.php\/wp-json\/wp\/v2\/media?parent=55"}],"curies":[{"name":"wp","href":"https:\/\/api.w.org\/{rel}","templated":true}]}}