{"id":47,"date":"2024-04-01T15:35:23","date_gmt":"2024-04-01T13:35:23","guid":{"rendered":"https:\/\/www.eidechsenlord.de\/dlp\/?page_id=47"},"modified":"2024-04-01T16:13:56","modified_gmt":"2024-04-01T14:13:56","slug":"zitate","status":"publish","type":"page","link":"https:\/\/www.eidechsenlord.de\/dlp\/index.php\/zitate\/","title":{"rendered":"Zitate"},"content":{"rendered":"\n<blockquote class=\"wp-block-quote\">\n<p>Einmal in mehreren Jahren zu entscheiden, welches Mitglied der herrschenden Klasse das Volk im Parlament niederhalten und zertreten soll &#8211; das ist das wirkliche Wesen des b\u00fcrgerlichen Parlamenatrismus<\/p>\n<cite>Lenin, <em>Staat und Revolution<\/em>, 1917<\/cite><\/blockquote>\n\n\n\n<blockquote class=\"wp-block-quote\">\n<p>I<em>n den <\/em>Parlamenten wird nur geschwatzt, speziell zu dem Zweck, das niedere Volk hinters Licht zu f\u00fchren.<\/p>\n<cite>Lenin, <em>Staat und Revolution<\/em>, 1917<\/cite><\/blockquote>\n\n\n\n<blockquote class=\"wp-block-quote\">\n<p>Im Kongress wird behauptet, das einhellige Ziel sei es, dem amerikanischen Volk zu dienen, aber in Wirklichkeit geht es um einen Machtkampf zwischen politischen Parteien. Unsere gew\u00e4hlten Volksvertreter [&#8230;] repr\u00e4sentieren nur die Perspektive der Menschen, die Mitglieder ihrer geliebten politischen Partei sind, und der wohlhabenden Elite, die ihre Kampagnenkoffer f\u00fcllen &#8211; in umgekehrter Reihenfolge nat\u00fcrlich.<\/p>\n<cite>Ein Teilnehmer von <em>Occupy Wallstreet<\/em><\/cite><\/blockquote>\n\n\n\n<blockquote class=\"wp-block-quote\">\n<p>Seit fast 3000 Jahren experimentieren Menschen mit Demokratie, und nur in den letzten 200 Jahren tun sie dies ausschliesslich mit Wahlen. Trotzdem finden wir, dass das die einzig g\u00fcltige Methode ist. Warum?<\/p>\n<cite>David van Reybrouck, in <em>Gegen Wahlen<\/em>, 2013<\/cite><\/blockquote>\n\n\n\n<blockquote class=\"wp-block-quote\">\n<p>Durch die kollektive Hysterie von kommerziellen Meiden, sozialen Medien und politischen Parteien ist das Wahlfieber permanent geworden. So etwas hat ernsthafte Folgen f\u00fcr das Funktionieren der Demokratie: Die Effizienz leidet und dem Wahlkalk\u00fcl, die Legitimit\u00e4t unter dem st\u00e4ndigen Profilierungsdrang. Aufgrund des Wahlsystems m\u00fcssen die Langfristigkeit und das Gemeinwohl wieder und wieder hinter der Kurzfristigkeit und dem Parteiwohl zur\u00fcckstehen.  <\/p>\n<cite>David van Reybrouck, in <em>Gegen Wahlen<\/em>, 2013<\/cite><\/blockquote>\n\n\n\n<blockquote class=\"wp-block-quote\">\n<p>Wie viele Erfindungen aus dem 18. Jahrhundert taugen zu Beginn des 21. Jahrhunderts noch? Die Diligence? die Montgolfi\u00e8re? Die Schnupftabakdose?<\/p>\n<cite>David van Reybrouck, in <em>Gegen Wahlen<\/em>, 2013<\/cite><\/blockquote>\n\n\n\n<blockquote class=\"wp-block-quote\">\n<p>Wahlen sind der fossile Brennstoff der Politik: einst verliehen sie der Demokratie einen enormen Auftrieb, so wie das Erd\u00f6l der \u00d6konomie, doch nun zeigt sich, dass sie neue kolossale Probleme verursachen.<\/p>\n<cite>David van Reybrouck, in <em>Gegen Wahlen<\/em>, 2013<\/cite><\/blockquote>\n\n\n\n<blockquote class=\"wp-block-quote\">\n<p>Politiker f\u00fcrchten sich vor ihren W\u00e4hlern. [&#8230;] Wenn Politiker kollektiv der Meinung sind, das die Bev\u00f6lkerung per definitionem anders denkt als sie, dann braucht es nicht zu verwundern, dass sie einer Mitbestimmung schon von vornherein skeptisch gegen\u00fcberstehen.<\/p>\n<cite>David van Reybrouck, in <em>Gegen Wahlen<\/em>, 2013<\/cite><\/blockquote>\n","protected":false},"excerpt":{"rendered":"<p>Einmal in mehreren Jahren zu entscheiden, welches Mitglied der herrschenden Klasse das Volk im Parlament niederhalten und zertreten soll &#8211; das ist das wirkliche Wesen des b\u00fcrgerlichen Parlamenatrismus Lenin, Staat und Revolution, 1917 In den Parlamenten wird nur geschwatzt, speziell zu dem Zweck, das niedere Volk hinters Licht zu f\u00fchren. Lenin, Staat und Revolution, 1917 [&hellip;]<\/p>\n","protected":false},"author":1,"featured_media":0,"parent":0,"menu_order":6,"comment_status":"closed","ping_status":"closed","template":"","meta":{"footnotes":""},"_links":{"self":[{"href":"https:\/\/www.eidechsenlord.de\/dlp\/index.php\/wp-json\/wp\/v2\/pages\/47"}],"collection":[{"href":"https:\/\/www.eidechsenlord.de\/dlp\/index.php\/wp-json\/wp\/v2\/pages"}],"about":[{"href":"https:\/\/www.eidechsenlord.de\/dlp\/index.php\/wp-json\/wp\/v2\/types\/page"}],"author":[{"embeddable":true,"href":"https:\/\/www.eidechsenlord.de\/dlp\/index.php\/wp-json\/wp\/v2\/users\/1"}],"replies":[{"embeddable":true,"href":"https:\/\/www.eidechsenlord.de\/dlp\/index.php\/wp-json\/wp\/v2\/comments?post=47"}],"version-history":[{"count":5,"href":"https:\/\/www.eidechsenlord.de\/dlp\/index.php\/wp-json\/wp\/v2\/pages\/47\/revisions"}],"predecessor-version":[{"id":52,"href":"https:\/\/www.eidechsenlord.de\/dlp\/index.php\/wp-json\/wp\/v2\/pages\/47\/revisions\/52"}],"wp:attachment":[{"href":"https:\/\/www.eidechsenlord.de\/dlp\/index.php\/wp-json\/wp\/v2\/media?parent=47"}],"curies":[{"name":"wp","href":"https:\/\/api.w.org\/{rel}","templated":true}]}}