{"id":35,"date":"2024-04-01T16:12:26","date_gmt":"2024-04-01T14:12:26","guid":{"rendered":"https:\/\/www.eidechsenlord.de\/dlp\/?page_id=35"},"modified":"2024-05-02T18:30:17","modified_gmt":"2024-05-02T16:30:17","slug":"die-loesung","status":"publish","type":"page","link":"https:\/\/www.eidechsenlord.de\/dlp\/index.php\/die-loesung\/","title":{"rendered":"Die L\u00f6sung"},"content":{"rendered":"\n<h2 class=\"wp-block-heading\">Ziel<\/h2>\n\n\n\n<p>Erkl\u00e4rtes Hauptziel der Letzten Partei ist es, eine Verfassungs\u00e4nderung herbeizuf\u00fchren und die Legislative durch geloste Gremien zu ersetzen, wie es auch schon in der Antike praktiziert wurde. Die alleinige St\u00fctzung auf Wahlen ist nicht demokratisch und auch nicht (mehr) zeitgem\u00e4ss. <\/p>\n\n\n\n<blockquote class=\"wp-block-quote\">\n<p id=\"block-c3585067-3730-4f60-afd0-556edbd564c4\">Wie viele Erfindungen aus dem 18. Jahrhundert taugen zu Beginn des 21. Jahrhunderts noch? Die Diligence? die Montgolfi\u00e8re? Die Schnupftabakdose?<\/p>\n<cite>David van Reybrouck, in <em>Gegen Wahlen<\/em>, 2013<\/cite><\/blockquote>\n\n\n\n<p><br>Denkbar sind in einer \u00dcbergangszeit auch Modelle, in denen eine dritte (geloste!) Kammer ins Spiel kommt bzw. eine unserer beiden Kammern durch eine geloste ersetzt wird. Wichtig dabei ist, dass die Entscheidungen der neuen Kammer Verbindlichkeit haben (B\u00fcrgerr\u00e4te sind eine gute Idee, aber ohne Verbindlichkeit sehr schwache Institutionen). <\/p>\n\n\n\n<h2 class=\"wp-block-heading\">Modellvorschlag<\/h2>\n\n\n\n<p>Als bevorzugtes Modell schl\u00e4gt David van Reybrouck in seinem Buch &#8220;Gegen Wahlen&#8221; ein sechs Institutionen umfassendes Modell des Forschers Terrill Bouricious vor. Dieser Vorschlag ist aus meiner Sicht sehr klug (und besser als meine Ideen), weshalb ich diesen aktuell favorisiere. Siehe auch https:\/\/participedia.net\/method\/6071.<\/p>\n\n\n\n<p>Ein erstes Gremium (<strong>Leitlinienkonferenz<\/strong>) gibt Leitlinien f\u00fcr die Gesetzgebung vor: mit welchen Themen soll sich denn \u00fcberhaupt besch\u00e4ftigt werden? Petitionen werden von der <strong>Leitlinienkonferenz<\/strong> bearbeitet.<br>Innerhalb dieser Leitlinien bilden sich kleine Gruppen (12) interessierter Menschen (<strong>Interessen-AGs<\/strong>) und erarbeiten Gesetzesvorschl\u00e4ge. Hier kann jeder mitarbeiten und sich einbringen. Das k\u00f6nnen untereinander Fremde sein, aber auch Lobbyisten. Das Arbeiten mit <strong>Interessen-AGs<\/strong> sorgt daf\u00fcr, dass Menschen mit einschl\u00e4gigen Erfahrungen ihre Expertise in konkreten Politikvorschl\u00e4gen b\u00fcndeln k\u00f6nnen.<br>Die Vorschl\u00e4ge werden in <strong>\u00dcberarbeitungs-AGs<\/strong> themenzentriert evaluiert (vergleichbar mit Aussch\u00fcssen in der Politik). Hier werden die Inputs aus den <strong>Interessen-AGs<\/strong> verarbeitet, Experten angeh\u00f6rt und es entstehen konkrete Gesetzestexte. <br>Immer, wenn \u00fcber ein Gesetz abgestimmt werden soll, werden aus der gesamten erwachsenen Bev\u00f6lkerung 400 Leute in eine <strong>Jury <\/strong>gelost. Sie treten in der Regel f\u00fcr 1-2 Tage zusammen, h\u00f6ren sich die diversen Gesetzesvorschl\u00e4ge der <strong>\u00dcberarbeitungs-AGs<\/strong> sowie eine sachliche Darlegung von Pro- und Kontra-Argumenten an und stimmen anschliessend  geheim ab (ohne Diskussion, Parteizwang, Kuhhandel, Taktieren, Freundschaftsdienste).<br>Dazu gibt es noch zwei steuernde Gremien. Der <strong>Regelrat<\/strong> erarbeitet Verfahren f\u00fcr die Auslosungen, Anh\u00f6rungen und Abstimmungen. Der <strong>Aufsichtsrat<\/strong>  beaufsichtigt die korrekte Einhaltung der  Verfahren durch die Staatsbeamten und verarbeitet Beschwerden. Diese beiden Gremien sind die Verfasser und W\u00e4chter der Spielregeln. <\/p>\n\n\n\n<p>Bouricious&#8217; Vorschl\u00e4ge f\u00fcr die Bezahlung, Rotation und Besetzung gibt folgenden Tabelle wieder.<br><\/p>\n\n\n\n<div class=\"wp-block-group has-global-padding is-layout-constrained wp-block-group-is-layout-constrained\">\n<figure class=\"wp-block-table is-style-stripes\" style=\"margin-top:0;margin-right:0;margin-bottom:0;margin-left:0\"><table style=\"border-style:none;border-width:0px\"><thead><tr><th><\/th><th>Beschreibung<\/th><th>Gr\u00f6\u00dfe<\/th><th>Zusammensetzung<\/th><th>Frequenz\/Dauer<\/th><th>Rotation<\/th><th>Verg\u00fctung<\/th><\/tr><\/thead><tbody><tr><td><strong>Leitlinienkonferenz<\/strong><br>(Agenda Council)<br><\/td><td>stellt die Agenda auf und w\u00e4hlt Themen f\u00fcr die Gesetzgebung<\/td><td>150-400 Menschen; ggfs. in Aussch\u00fcssen<\/td><td>ausgelost unter Freiwilligen<\/td><td>immer\/Vollzeit<\/td><td>drei Jahre (Erneuerung 1\/3 jedes Jahr)<\/td><td>Gehalt<\/td><\/tr><tr><td><strong>Interessen-AGs<\/strong><br>(Interest Panels)<\/td><td>schlagen themengebundene Gesetzgebung vor<\/td><td>12 Menschen pro Panel; unbegrenzte Panelzahl<\/td><td>Freiwillige, die sich bewerben<\/td><td>so oft jeder m\u00f6chte; Ende bei Deadline<\/td><td>&#8211;<\/td><td>&#8211;<\/td><\/tr><tr><td><strong>\u00dcberarbeitungs-AGs<\/strong><br>(Review Panels)<\/td><td>erarbeiten Gesetzesvorschl\u00e4ge anhand der Inputs aus den Interest Panels und von Experten<\/td><td>150 Menschen unterteilt in Panels; Jedes Panel f\u00fcr einen Politik-Bereich zust\u00e4ndig; Teilnehmer w\u00e4hlen Panel nicht, sondern werden zugeteilt(gelost)<\/td><td>ausgelost unter Freiwilligen<\/td><td>immer\/Vollzeit<\/td><td>drei Jahre (Erneuerung 1\/3 jedes Jahr); nicht verl\u00e4ngerbar<\/td><td>Gehalt und Zuschuss<\/td><\/tr><tr><td><strong>Jury <\/strong><br>(Policy Jury)<\/td><td>stimmt \u00fcber Gesetze ab; geheime Abstimmung nach \u00f6ffentlicher Pr\u00e4sentation<\/td><td>400 Menschen im Plenum<\/td><td>ausgelost unter allen erwachsenen (ggfs. ab 16) B\u00fcrgern; Teilnahme ist obligatorisch<\/td><td>Wenn \u00fcber ein oder mehrere Gesetze abgestimmt werden muss; ein bis 7 Tage<\/td><td>&#8211;<\/td><td>Tagesgeld und Reisekosten<\/td><\/tr><tr><td><strong>Regelrat<\/strong> <br>(Rules Council)<\/td><td>entscheidet \u00fcber die Regeln und Verfahren der gesetzgebenden Arbeit<\/td><td>etwa 50 Menschen<\/td><td>ausgelost unter Freiwilligen (ggfs. Ex-Teilnehmer als Systemkenner)<\/td><td>immer\/Vollzeit<\/td><td>drei Jahre (Erneuerung 1\/3 jedes Jahr); nicht verl\u00e4ngerbar<\/td><td>Gehalt<\/td><\/tr><tr><td><strong>Aufsichtsrat<\/strong>  (Oversight Council)<\/td><td>kontrolliert den Gesetzgebungsprozess und behandelt Beschwerden<\/td><td>etwa 20 Menschen<\/td><td>ausgelost unter Freiwilligen<\/td><td>immer\/Vollzeit<\/td><td>drei Jahre (Erneuerung 1\/3 jedes Jahr); nicht verl\u00e4ngerbar<\/td><td>Gehalt<\/td><\/tr><\/tbody><\/table><\/figure>\n<\/div>\n","protected":false},"excerpt":{"rendered":"<p>Ziel Erkl\u00e4rtes Hauptziel der Letzten Partei ist es, eine Verfassungs\u00e4nderung herbeizuf\u00fchren und die Legislative durch geloste Gremien zu ersetzen, wie es auch schon in der Antike praktiziert wurde. Die alleinige St\u00fctzung auf Wahlen ist nicht demokratisch und auch nicht (mehr) zeitgem\u00e4ss. Wie viele Erfindungen aus dem 18. Jahrhundert taugen zu Beginn des 21. Jahrhunderts noch? [&hellip;]<\/p>\n","protected":false},"author":1,"featured_media":0,"parent":0,"menu_order":2,"comment_status":"closed","ping_status":"closed","template":"","meta":{"footnotes":""},"_links":{"self":[{"href":"https:\/\/www.eidechsenlord.de\/dlp\/index.php\/wp-json\/wp\/v2\/pages\/35"}],"collection":[{"href":"https:\/\/www.eidechsenlord.de\/dlp\/index.php\/wp-json\/wp\/v2\/pages"}],"about":[{"href":"https:\/\/www.eidechsenlord.de\/dlp\/index.php\/wp-json\/wp\/v2\/types\/page"}],"author":[{"embeddable":true,"href":"https:\/\/www.eidechsenlord.de\/dlp\/index.php\/wp-json\/wp\/v2\/users\/1"}],"replies":[{"embeddable":true,"href":"https:\/\/www.eidechsenlord.de\/dlp\/index.php\/wp-json\/wp\/v2\/comments?post=35"}],"version-history":[{"count":9,"href":"https:\/\/www.eidechsenlord.de\/dlp\/index.php\/wp-json\/wp\/v2\/pages\/35\/revisions"}],"predecessor-version":[{"id":89,"href":"https:\/\/www.eidechsenlord.de\/dlp\/index.php\/wp-json\/wp\/v2\/pages\/35\/revisions\/89"}],"wp:attachment":[{"href":"https:\/\/www.eidechsenlord.de\/dlp\/index.php\/wp-json\/wp\/v2\/media?parent=35"}],"curies":[{"name":"wp","href":"https:\/\/api.w.org\/{rel}","templated":true}]}}