{"id":2,"date":"2024-03-03T12:01:32","date_gmt":"2024-03-03T11:01:32","guid":{"rendered":"https:\/\/www.eidechsenlord.de\/dlp\/?page_id=2"},"modified":"2024-05-02T18:02:13","modified_gmt":"2024-05-02T16:02:13","slug":"die-idee","status":"publish","type":"page","link":"https:\/\/www.eidechsenlord.de\/dlp\/","title":{"rendered":"Die Idee"},"content":{"rendered":"\n<h2 class=\"wp-block-heading has-accent-3-color has-text-color has-link-color wp-elements-43ba068e4464d82cc6f2bfe9b025a527\">Losen ist demokratischer als W\u00e4hlen<\/h2>\n\n\n\n<p class=\"has-contrast-color has-text-color has-link-color wp-elements-f3398e983615e16b338ea9c01e64b8a1\">Wir leben aktuell in einem Demokratie-Defizit. Sowohl das Parteien-System als auch das Konstrukt &#8220;Wahlen&#8221; schaffen es nicht, dem Volk gen\u00fcgend Beteiligung, Repr\u00e4sentation und Mitsprache zu erm\u00f6glichen. Es mangelt an Effizienz und Legitimation. Hinzu kommt, dass &#8220;Wahlen&#8221; und &#8220;Demokratie&#8221; heutzutage nahezu synonym gebraucht und verstanden werden, was falsch ist.<\/p>\n\n\n\n<figure class=\"wp-block-image aligncenter size-full is-resized\"><img loading=\"lazy\" decoding=\"async\" width=\"446\" height=\"359\" src=\"https:\/\/www.eidechsenlord.de\/dlp\/wp-content\/uploads\/2024\/04\/DemokratieNotWahlen.jpg\" alt=\"\" class=\"wp-image-77\" style=\"width:128px;height:auto\" srcset=\"https:\/\/www.eidechsenlord.de\/dlp\/wp-content\/uploads\/2024\/04\/DemokratieNotWahlen.jpg 446w, https:\/\/www.eidechsenlord.de\/dlp\/wp-content\/uploads\/2024\/04\/DemokratieNotWahlen-300x241.jpg 300w\" sizes=\"(max-width: 446px) 100vw, 446px\" \/><\/figure>\n\n\n\n<p>Die Idee ist, das Grundgesetz dahingehend zu \u00e4ndern, dass das Parlament (der Bundestag) und andere Organe nicht mehr nur allein durch Wahlen, sondern auch durch das Los bestimmt werden k\u00f6nnen. Dazu soll, basierend auf dieser Initiative, die <strong>Letzte Partei<\/strong> gegr\u00fcndet werden, die im wesentlichen dieses Ziel verfolgt.<\/p>\n\n\n\n<p>Die \u00dcberzeugung, dass das Parteiensystem in Deutschland \u00fcberwunden werden muss, verfolgt mich schon seit ca. 25 Jahren. Mit vielen Menschen habe ich das Thema bereits diskutiert und sehr oft Zustimmung erfahren. Kaum ein Gedanke auf dieser Website ist neu, aber die Zeit ist reifer denn je, die Idee voranzutreiben. Anstoss dazu gab mir das Buch <a href=\"https:\/\/www.wallstein-verlag.de\/9783835318717-gegen-wahlen.html\">Gegen Wahlen<\/a> von David van Reybrouck, der darin hervorragend aufarbeitet und herleitet, was ich am bestehenden System als falsch erkannt habe. Auf den folgenden Seiten st\u00fctze ich mich stark auf dieses Buch und verzichte weitgehend auf &#8220;Beweise&#8221; und verweise auf <a href=\"https:\/\/www.wallstein-verlag.de\/9783835318717-gegen-wahlen.html\">Gegen Wahlen<\/a>.<\/p>\n\n\n\n<p>Es gibt nat\u00fcrlich schon einige weitere Bestrebungen, die Demokratie zu verbessern. Diese wollen das Ziel zumeist als Bottom-Up-Ansatz verfolgen. Beispielhaft m\u00f6chte ich hier einige nennen:<\/p>\n\n\n\n<ul>\n<li><a href=\"https:\/\/www.mehr-demokratie.de\/\">Mehr Demokratie e.V.<\/a><\/li>\n\n\n\n<li><a href=\"https:\/\/projekt-menschlichkeit.info\/\">Projekt Menschlichkeit<\/a><\/li>\n\n\n\n<li><a href=\"https:\/\/www.partizipativ-gestalten.de\/\">Das Institut f\u00fcr Partizipatives Gestalten<\/a><\/li>\n<\/ul>\n\n\n\n<p>Eine Partei zu gr\u00fcnden, die das Parteiensystem ablehnt und abschaffen will, klingt auch f\u00fcr mich immer noch widerspr\u00fcchlich. Doch ist es ein weiterer legitimer Versuch der Verbesserung, der das System von innen bearbeiten wird.<\/p>\n\n\n\n<p><\/p>\n","protected":false},"excerpt":{"rendered":"<p>Losen ist demokratischer als W\u00e4hlen Wir leben aktuell in einem Demokratie-Defizit. Sowohl das Parteien-System als auch das Konstrukt &#8220;Wahlen&#8221; schaffen es nicht, dem Volk gen\u00fcgend Beteiligung, Repr\u00e4sentation und Mitsprache zu erm\u00f6glichen. Es mangelt an Effizienz und Legitimation. Hinzu kommt, dass &#8220;Wahlen&#8221; und &#8220;Demokratie&#8221; heutzutage nahezu synonym gebraucht und verstanden werden, was falsch ist. Die Idee [&hellip;]<\/p>\n","protected":false},"author":1,"featured_media":77,"parent":0,"menu_order":0,"comment_status":"closed","ping_status":"open","template":"","meta":{"footnotes":""},"_links":{"self":[{"href":"https:\/\/www.eidechsenlord.de\/dlp\/index.php\/wp-json\/wp\/v2\/pages\/2"}],"collection":[{"href":"https:\/\/www.eidechsenlord.de\/dlp\/index.php\/wp-json\/wp\/v2\/pages"}],"about":[{"href":"https:\/\/www.eidechsenlord.de\/dlp\/index.php\/wp-json\/wp\/v2\/types\/page"}],"author":[{"embeddable":true,"href":"https:\/\/www.eidechsenlord.de\/dlp\/index.php\/wp-json\/wp\/v2\/users\/1"}],"replies":[{"embeddable":true,"href":"https:\/\/www.eidechsenlord.de\/dlp\/index.php\/wp-json\/wp\/v2\/comments?post=2"}],"version-history":[{"count":11,"href":"https:\/\/www.eidechsenlord.de\/dlp\/index.php\/wp-json\/wp\/v2\/pages\/2\/revisions"}],"predecessor-version":[{"id":83,"href":"https:\/\/www.eidechsenlord.de\/dlp\/index.php\/wp-json\/wp\/v2\/pages\/2\/revisions\/83"}],"wp:featuredmedia":[{"embeddable":true,"href":"https:\/\/www.eidechsenlord.de\/dlp\/index.php\/wp-json\/wp\/v2\/media\/77"}],"wp:attachment":[{"href":"https:\/\/www.eidechsenlord.de\/dlp\/index.php\/wp-json\/wp\/v2\/media?parent=2"}],"curies":[{"name":"wp","href":"https:\/\/api.w.org\/{rel}","templated":true}]}}