{"id":14,"date":"2024-03-29T14:48:29","date_gmt":"2024-03-29T13:48:29","guid":{"rendered":"https:\/\/www.eidechsenlord.de\/dlp\/?page_id=14"},"modified":"2024-05-02T18:10:22","modified_gmt":"2024-05-02T16:10:22","slug":"die-probleme","status":"publish","type":"page","link":"https:\/\/www.eidechsenlord.de\/dlp\/index.php\/die-probleme\/","title":{"rendered":"Die Probleme"},"content":{"rendered":"\n<div class=\"wp-block-group alignfull has-base-background-color has-background has-global-padding is-layout-constrained wp-block-group-is-layout-constrained\" style=\"margin-top:0;margin-bottom:0;padding-top:var(--wp--preset--spacing--50);padding-right:var(--wp--preset--spacing--50);padding-bottom:var(--wp--preset--spacing--50);padding-left:var(--wp--preset--spacing--50)\">\n<div class=\"wp-block-columns alignwide is-layout-flex wp-container-core-columns-layout-2 wp-block-columns-is-layout-flex\">\n<div class=\"wp-block-column has-global-padding is-content-justification-left is-layout-constrained wp-container-core-column-layout-1 wp-block-column-is-layout-constrained\" style=\"flex-basis:20%\">\n<p>Wahlen<\/p>\n<\/div>\n\n\n\n<div class=\"wp-block-column is-layout-flow wp-container-core-column-layout-3 wp-block-column-is-layout-flow\" style=\"flex-basis:60%\">\n<div class=\"wp-block-columns is-layout-flex wp-container-core-columns-layout-1 wp-block-columns-is-layout-flex\">\n<div class=\"wp-block-column is-layout-flow wp-block-column-is-layout-flow\">\n<p class=\"has-heading-font-family has-x-large-font-size\" style=\"line-height:1.2\">Wahlen sind nicht demokratisch<\/p>\n\n\n\n<p class=\"wp-container-content-1\">Wahlen wurden nach den beiden gro\u00dfen Revolutionen im 18. Jahrhundert (Frankreich, Amerika) zwar in die Verfassungen geschrieben, doch waren sie nie als demokratisches Mittel gedacht. Vielmehr sollten sie &#8220;den Tumult der Demokratie vor der T\u00fcr halten&#8221;: die gew\u00e4hlten Vertreter sollten <em>angesehene B\u00fcrger<\/em> sein und sich sozial von ihren W\u00e4hlern abheben. Wahlen wurden vielmehr zum Erhalt der Aristokratie eingef\u00fchrt als dazu, dem Volk tats\u00e4chlich Macht und Befugnisse zuzugestehen.<\/p>\n\n\n\n<p><\/p>\n<\/div>\n<\/div>\n<\/div>\n<\/div>\n\n\n\n<div class=\"wp-block-columns alignwide is-layout-flex wp-container-core-columns-layout-4 wp-block-columns-is-layout-flex\">\n<div class=\"wp-block-column has-global-padding is-content-justification-left is-layout-constrained wp-container-core-column-layout-4 wp-block-column-is-layout-constrained\" style=\"flex-basis:20%\">\n<p>Der Berufspolitiker<\/p>\n<\/div>\n\n\n\n<div class=\"wp-block-column is-layout-flow wp-container-core-column-layout-6 wp-block-column-is-layout-flow\" style=\"flex-basis:60%\">\n<div class=\"wp-block-columns is-layout-flex wp-container-core-columns-layout-3 wp-block-columns-is-layout-flex\">\n<div class=\"wp-block-column is-layout-flow wp-block-column-is-layout-flow\">\n<p class=\"has-heading-font-family has-x-large-font-size\" style=\"line-height:1.2\">Politiker sind handlungsunf\u00e4hig.<\/p>\n\n\n\n<p class=\"wp-container-content-2\">In einem System, das durch Wahlen und der Notwendigkeit, wiedergew\u00e4hlt zu werden, gekennzeichnet ist, sind Politiker nicht in der Lage, dringende, grundlegende  Probleme zu bearbeiten. F\u00fcr ein Warteh\u00e4uschen oder eine Steuersenkung kann man sich prima auf die Schulter klopfen lassen und sicht- und sp\u00fcrbare &#8220;Erfolge&#8221; vorweisen, mit denen man im n\u00e4chsten Wahlkampf werben kann. <br>Sollen jedoch gro\u00dfe Themen wie bspw. eine Krankenkassenreform (Abschaffung des Zwei-Klassen-Patienten-Systems) bearbeitet werden, wird dies ein sehr langwieriger Prozess, mit dem man sich im schlimmsten Fall bei seinen W\u00e4hlern unbeliebt macht. <\/p>\n\n\n\n<p class=\"has-heading-font-family has-x-large-font-size\" style=\"line-height:1.2\">Politiker sind Schauspieler.<\/p>\n\n\n\n<p>Im Wahlkampf punkten jene Pers\u00f6nlichkeiten, die sich gut verkaufen, gut reden, gut beeindrucken k\u00f6nnen. Und\/oder die \u00fcber viel Geld verf\u00fcgen. Viel zu selten werden die f\u00e4higsten K\u00f6pfe in ein Amt gew\u00e4hlt. Die Kompetenz tritt in den Hintergrund; schlimmer noch: durch Sympathie wird uns Kompetenz vorgegaukelt.<\/p>\n\n\n\n<p class=\"has-heading-font-family has-x-large-font-size\" style=\"line-height:1.2\">Politiker sind nicht ehrlich.<\/p>\n\n\n\n<p>Auf konkrete Fragen wird nur selten konkret geantwortet. Politiker legen sich nicht fest und so entsteht ein Eindruck der Unehrlichkeit, der durch nicht gehaltene Wahlversprechen und schlechte Kommunikation verst\u00e4rkt wird.<\/p>\n<\/div>\n<\/div>\n<\/div>\n<\/div>\n\n\n\n<div class=\"wp-block-columns alignwide is-layout-flex wp-container-core-columns-layout-6 wp-block-columns-is-layout-flex\">\n<div class=\"wp-block-column has-global-padding is-content-justification-left is-layout-constrained wp-container-core-column-layout-7 wp-block-column-is-layout-constrained\" style=\"flex-basis:20%\">\n<p>Die Parteien<\/p>\n<\/div>\n\n\n\n<div class=\"wp-block-column is-layout-flow wp-container-core-column-layout-9 wp-block-column-is-layout-flow\" style=\"flex-basis:60%\">\n<div class=\"wp-block-columns is-layout-flex wp-container-core-columns-layout-5 wp-block-columns-is-layout-flex\">\n<div class=\"wp-block-column is-layout-flow wp-block-column-is-layout-flow\">\n<p class=\"has-heading-font-family has-x-large-font-size\" style=\"line-height:1.2\">Parteien verzerren den Volkswillen.<\/p>\n\n\n\n<p class=\"wp-container-content-3\">Ich kenne niemanden, der zu 100 % mit den Zielen und Inhalten einer Partei \u00fcbereinstimmt. Mit jeder Stimme, die ich einer einzelnen Partei gebe (n muss), kaufe ich mir also immer auch einen mehr oder weniger gro\u00dfen Anteil &#8220;Unfug&#8221; ein. Zu verschiedenen Themen vertreten sehr h\u00e4ufig verschiedene Menschen, Parteien oder Lobbyisten die individuell betrachtet beste L\u00f6sung. <br>Es w\u00e4re viel sinnvoller, f\u00fcr Ideen stimmen zu k\u00f6nnen, als f\u00fcr Parteien.<\/p>\n\n\n\n<p class=\"has-heading-font-family has-x-large-font-size\" style=\"line-height:1.2\">Koalitionen betreiben Kuhhandel.<\/p>\n\n\n\n<p>Absprachen und Verhandlungen \u00fcber das Abstimmverhalten und ein Tauschhandel innerhalb (und au\u00dferhalb) von Koalitionen sind nicht zielf\u00fchrend. Insbesondere in Koalitionsverhandlungen werden dadurch Themen, Vorhaben und Probleme verkn\u00fcpft, die rein gar nichts miteinander zu tun haben. Allemal besser ist doch der Ansatz, jedes Thema f\u00fcr sich mehrheitlich zu entscheiden. <\/p>\n\n\n\n<h2 class=\"wp-block-heading has-x-large-font-size\">Die Partei-Identit\u00e4t behindert<\/h2>\n\n\n\n<p>Guten Ideen kann nicht zugestimmt werden, weil sie der Partei-Identit\u00e4t widersprechen. Es k\u00f6nnen noch so gute Argumente daf\u00fcr sprechen: mit der Aussage &#8220;Das widerspricht unseren Grunds\u00e4tzen und ist daher mit uns nicht zu machen.&#8221; blockieren Parteien Sinnvolles. Bestes Beispiel: FDP &amp; Tempolimit auf Autobahnen.<\/p>\n\n\n\n<h2 class=\"wp-block-heading\">Nicht der Inhalt eines Vorschlags ist relevant<\/h2>\n\n\n\n<p>Wenn der Vorschlag vom falschen Initiator kommt, kann allein deswegen nicht zugestimmt werden. Egal, wie gut die Idee ist: wenn es nicht unsere Idee ist, m\u00fcssen wir allein deswegen schon mindestens skeptisch sein. Vermutlich sind auch aus diesem Grund Koalitionsverhandlungen oft schwierig. <br>Im Wahlkampf verst\u00e4rkt sich dieses Problem noch.<\/p>\n<\/div>\n<\/div>\n<\/div>\n<\/div>\n\n\n\n<div class=\"wp-block-columns alignwide is-layout-flex wp-container-core-columns-layout-7 wp-block-columns-is-layout-flex\">\n<div class=\"wp-block-column has-global-padding is-content-justification-left is-layout-constrained wp-container-core-column-layout-10 wp-block-column-is-layout-constrained\" style=\"flex-basis:20%\">\n<p>Die Effizienz<\/p>\n<\/div>\n\n\n\n<div class=\"wp-block-column is-layout-flow wp-container-core-column-layout-11 wp-block-column-is-layout-flow\" style=\"flex-basis:60%\">\n<p class=\"has-heading-font-family has-x-large-font-size\" style=\"line-height:1.2\">Die repr\u00e4sentative Demokratie ist heute ineffizient<\/p>\n\n\n\n<p>Durch die Handlungsunf\u00e4higkeit der einzelnen Politiker wird das ganz System ineffizient. Im Grunde leben wir (auch wegen der Wandlung der Medien) in einem Dauerwahlkampf, der durch kleine und gro\u00dfe Skandale, Shitstorms und Wahlumfragen befeuert wird. Politiker befinden sich durchgehend in einer Pr\u00fcfungssituation. Durch den dadurch notwendigen Eiertanz sind sie nicht mehr in der Lage, ihre Aufgabe zu erf\u00fcllen: der Entwicklung und Umsetzung von Ideen f\u00fcr die Zukunft.<\/p>\n<\/div>\n<\/div>\n\n\n\n<div class=\"wp-block-columns alignwide is-layout-flex wp-container-core-columns-layout-8 wp-block-columns-is-layout-flex\">\n<div class=\"wp-block-column has-global-padding is-content-justification-left is-layout-constrained wp-container-core-column-layout-12 wp-block-column-is-layout-constrained\" style=\"flex-basis:20%\">\n<p>Die Legitimit\u00e4t<\/p>\n<\/div>\n\n\n\n<div class=\"wp-block-column is-layout-flow wp-container-core-column-layout-13 wp-block-column-is-layout-flow\" style=\"flex-basis:60%\">\n<p class=\"has-heading-font-family has-x-large-font-size\" style=\"line-height:1.2\">Wahlen \u00e4ndern doch eh nichts.<\/p>\n\n\n\n<p>Die Unzufriedenheit der B\u00fcrger spiegelt sich in der Wahlbeteiligung und damit auch in der Legitimit\u00e4t der Parteien wieder. Hatten wir in den 70er und fr\u00fchen 80er Jahren bei Bundestagswahlen noch Beteiligungen um die 90%, waren es zuletzt gerade einmal 76.4%. Die Zahlen f\u00fcr Landtags- und Kommunalwahlen sehen nicht besser aus. <br>Wenn immer weniger Menschen ihr Wahlrecht nutzen, weil ihre Bed\u00fcrfnisse unber\u00fccksichtigt bleiben: wie legitim ist eine <strong>gew\u00e4hlte <\/strong>Vertretung dann \u00fcberhaupt?<\/p>\n<\/div>\n<\/div>\n<\/div>\n\n\n\n<div class=\"wp-block-group alignfull has-base-2-background-color has-background has-global-padding is-layout-constrained wp-block-group-is-layout-constrained\" style=\"margin-top:0;margin-bottom:0;padding-top:var(--wp--preset--spacing--60);padding-right:var(--wp--preset--spacing--60);padding-bottom:var(--wp--preset--spacing--60);padding-left:var(--wp--preset--spacing--60)\"><\/div>\n","protected":false},"excerpt":{"rendered":"<p>Wahlen Wahlen sind nicht demokratisch Wahlen wurden nach den beiden gro\u00dfen Revolutionen im 18. Jahrhundert (Frankreich, Amerika) zwar in die Verfassungen geschrieben, doch waren sie nie als demokratisches Mittel gedacht. Vielmehr sollten sie &#8220;den Tumult der Demokratie vor der T\u00fcr halten&#8221;: die gew\u00e4hlten Vertreter sollten angesehene B\u00fcrger sein und sich sozial von ihren W\u00e4hlern abheben. [&hellip;]<\/p>\n","protected":false},"author":1,"featured_media":0,"parent":0,"menu_order":1,"comment_status":"closed","ping_status":"closed","template":"","meta":{"footnotes":""},"_links":{"self":[{"href":"https:\/\/www.eidechsenlord.de\/dlp\/index.php\/wp-json\/wp\/v2\/pages\/14"}],"collection":[{"href":"https:\/\/www.eidechsenlord.de\/dlp\/index.php\/wp-json\/wp\/v2\/pages"}],"about":[{"href":"https:\/\/www.eidechsenlord.de\/dlp\/index.php\/wp-json\/wp\/v2\/types\/page"}],"author":[{"embeddable":true,"href":"https:\/\/www.eidechsenlord.de\/dlp\/index.php\/wp-json\/wp\/v2\/users\/1"}],"replies":[{"embeddable":true,"href":"https:\/\/www.eidechsenlord.de\/dlp\/index.php\/wp-json\/wp\/v2\/comments?post=14"}],"version-history":[{"count":8,"href":"https:\/\/www.eidechsenlord.de\/dlp\/index.php\/wp-json\/wp\/v2\/pages\/14\/revisions"}],"predecessor-version":[{"id":86,"href":"https:\/\/www.eidechsenlord.de\/dlp\/index.php\/wp-json\/wp\/v2\/pages\/14\/revisions\/86"}],"wp:attachment":[{"href":"https:\/\/www.eidechsenlord.de\/dlp\/index.php\/wp-json\/wp\/v2\/media?parent=14"}],"curies":[{"name":"wp","href":"https:\/\/api.w.org\/{rel}","templated":true}]}}